{"id":173,"date":"2020-08-27T14:41:40","date_gmt":"2020-08-27T13:41:40","guid":{"rendered":"https:\/\/digx.ch\/?page_id=173"},"modified":"2022-12-11T17:17:36","modified_gmt":"2022-12-11T16:17:36","slug":"angehoerigenbefragung","status":"publish","type":"page","link":"https:\/\/digx.ch\/en\/angehoerigenbefragung\/","title":{"rendered":"Befragungen \u2014 Business-Analyse"},"content":{"rendered":"\n\n\n\n\n<p><strong>EMERGE Qualit\u00e4tskontrolle &#8211; Notfall<\/strong><\/p>\n<p>Im Auftrag des Notfalls vom Universit\u00e4tsspital Basel f\u00fchrt die digx GmbH eine Befragung zur Qualit\u00e4tssicherung durch. Die Datenerhebung erfolgt im Q2 2022. In enger Zusammenarbeit mit den Patienten, Angeh\u00f6rigen und dem \u00e4rztlichen Personal wird die Prozess- und Behandlungsqualit\u00e4t erhoben, woraus sp\u00e4ter wiederum Verbesserungsm\u00f6glichkeiten abgeleitet werden.<br>Die Datenerhebung erfolgt alle 2 Jahre. Die Befragung orientiert sich an internationalen Standards und wird schweizweit regelm\u00e4ssig durchgef\u00fchrt.<\/p>\n<figure class=\"wp-block-image size-full is-resized\"><img loading=\"lazy\" decoding=\"async\" src=\"https:\/\/digx.ch\/wp-content\/uploads\/2022\/04\/usb-logo.jpg\" alt=\"\" class=\"wp-image-374\" width=\"313\" height=\"63\" srcset=\"https:\/\/digx.ch\/wp-content\/uploads\/2022\/04\/usb-logo.jpg 498w, https:\/\/digx.ch\/wp-content\/uploads\/2022\/04\/usb-logo-300x61.jpg 300w\" sizes=\"auto, (max-width: 313px) 100vw, 313px\"><\/figure>\n<div style=\"height:32px\" aria-hidden=\"true\" class=\"wp-block-spacer\"><\/div>\n<p><strong>Angeh\u00f6rigenbefragung \u2014 Psychiatrie<\/strong><\/p>\n<p>Im Auftrag diverser&nbsp;psychiatrischer Kliniken&nbsp;f\u00fchrt die digx GmbH eine Angeh\u00f6rigenbefragung durch.&nbsp;Angeh\u00f6rige nehmen einen wichtigen Teil im Rahmen der ambulanten und station\u00e4ren Versorgung der betroffenen Patientinnen und Patienten ein. Die Tragf\u00e4higkeit der sozialen Netze ist schnell \u00fcberspannt. Insofern kommt einem guten Austrittsmanagement sowie einer ambulanten Weiterversorgung eine tragende Rolle zu.&nbsp;Die&nbsp;Zufriedenheitserhebungen&nbsp;sind Bestandteil des PDCA-Kreislaufes.&nbsp;Das Feedback der Angeh\u00f6rigen wird streng vertraulich behandelt und ist selbstverst\u00e4ndlich freiwillig. Jedes Feedback hilft den jeweiligen Leistungserbringern im Gesundheitswesen&nbsp;die bestehenden Abl\u00e4ufe und Behandlungsprozesse zu verbessern resp. weiter zu entwickeln.<\/p>\n<div style=\"height:20px\" aria-hidden=\"true\" class=\"wp-block-spacer\"><\/div>\n<div class=\"wp-block-image\"><figure class=\"alignleft size-large is-resized\"><a href=\"https:\/\/psych.ch\"><img decoding=\"async\" loading=\"lazy\" src=\"https:\/\/digx.ch\/wp-content\/uploads\/2022\/02\/logoPsychDienstSued-web-1.jpg\" alt=\"\" class=\"wp-image-152\" width=\"244\" height=\"41\" border=\"10px\" border-color=\"white\"><\/a><\/figure><\/div>\n<div style=\"height:20px\" aria-hidden=\"true\" class=\"wp-block-spacer\"><\/div>\n<div class=\"wp-block-image\"><figure class=\"alignleft size-large is-resized\"><a href=\"https:\/\/www.klinikschuetzen.ch\/\"><img decoding=\"async\" loading=\"lazy\" src=\"https:\/\/digx.ch\/wp-content\/uploads\/2020\/08\/Klinik.jpg\" alt=\"\" class=\"wp-image-142\" width=\"226\" height=\"81\" border=\"10px\" border-color=\"white\" srcset=\"https:\/\/digx.ch\/wp-content\/uploads\/2020\/08\/Klinik.jpg 1000w, https:\/\/digx.ch\/wp-content\/uploads\/2020\/08\/Klinik-300x108.jpg 300w, https:\/\/digx.ch\/wp-content\/uploads\/2020\/08\/Klinik-768x277.jpg 768w\" sizes=\"auto, (max-width: 226px) 100vw, 226px\"><\/a><\/figure><\/div>\n<div style=\"height:20px\" aria-hidden=\"true\" class=\"wp-block-spacer\"><\/div>\n<div class=\"wp-block-image\"><figure class=\"alignleft size-large is-resized\"><a href=\"https:\/\/www.psgn.ch\"><img decoding=\"async\" loading=\"lazy\" src=\"https:\/\/digx.ch\/wp-content\/uploads\/2020\/08\/PsychDienstNord.jpg\" alt=\"\" class=\"wp-image-146\" width=\"175\" height=\"91\" border=\"10px\" border-color=\"white\" srcset=\"https:\/\/digx.ch\/wp-content\/uploads\/2020\/08\/PsychDienstNord.jpg 587w, https:\/\/digx.ch\/wp-content\/uploads\/2020\/08\/PsychDienstNord-300x156.jpg 300w\" sizes=\"auto, (max-width: 175px) 100vw, 175px\"><\/a><\/figure><\/div>\n<div style=\"height:27px\" aria-hidden=\"true\" class=\"wp-block-spacer\"><\/div>\n<div class=\"wp-block-image\"><figure class=\"alignleft size-large is-resized\"><a href=\"https:\/\/www.pzmag.ch\"><img decoding=\"async\" loading=\"lazy\" src=\"https:\/\/digx.ch\/wp-content\/uploads\/2022\/08\/pzm-logo-1024x455.jpg\" alt=\"\" class=\"wp-image-146\" width=\"175\" height=\"120\" border=\"0px\" border-color=\"white\"><\/a><\/figure><\/div>\n\n\n\n\n\n\n\n\n\n\n<div style=\"height:24px\" aria-hidden=\"true\" class=\"wp-block-spacer\"><\/div>\n<div style=\"height:20px\" aria-hidden=\"true\" class=\"wp-block-spacer\"><\/div>\n<p><strong>Unser Angebot<\/strong><\/p>\n<p>Die digx GmbH ist eine unabh\u00e4ngige Organisation und entwickelt mit&nbsp;ihren&nbsp;Kunden\/Expertinnen und Experten zusammen&nbsp;Befragungen&nbsp;in physischer oder digitaler Form. Wir unterst\u00fctzen die Transformation, um mit Ihnen zusammen f\u00fcr die digitalen Herausforderungen der&nbsp;Gegenwart&nbsp;und Zukunft bereit zu sein.<\/p>\n<p>Wir unterst\u00fctzen Sie in der&nbsp;Bereitstellung der jeweiligen Qualit\u00e4tskennzahlen und Indikatoren, aber auch im Design und der Umsetzung von neuen, vertraulichen Umfragen.<\/p>\n<p>&nbsp;&nbsp;&nbsp;&nbsp;<\/p>\n\n\n","protected":false},"excerpt":{"rendered":"","protected":false},"author":2,"featured_media":0,"parent":0,"menu_order":0,"comment_status":"closed","ping_status":"closed","template":"","meta":{"pagelayer_contact_templates":[],"_pagelayer_content":"","footnotes":""},"class_list":["post-173","page","type-page","status-publish","hentry"],"translation":{"provider":"WPGlobus","version":"3.0.2","language":"en","enabled_languages":["de","en"],"languages":{"de":{"title":true,"content":true,"excerpt":false},"en":{"title":false,"content":false,"excerpt":false}}},"_links":{"self":[{"href":"https:\/\/digx.ch\/en\/wp-json\/wp\/v2\/pages\/173","targetHints":{"allow":["GET"]}}],"collection":[{"href":"https:\/\/digx.ch\/en\/wp-json\/wp\/v2\/pages"}],"about":[{"href":"https:\/\/digx.ch\/en\/wp-json\/wp\/v2\/types\/page"}],"author":[{"embeddable":true,"href":"https:\/\/digx.ch\/en\/wp-json\/wp\/v2\/users\/2"}],"replies":[{"embeddable":true,"href":"https:\/\/digx.ch\/en\/wp-json\/wp\/v2\/comments?post=173"}],"version-history":[{"count":38,"href":"https:\/\/digx.ch\/en\/wp-json\/wp\/v2\/pages\/173\/revisions"}],"predecessor-version":[{"id":420,"href":"https:\/\/digx.ch\/en\/wp-json\/wp\/v2\/pages\/173\/revisions\/420"}],"wp:attachment":[{"href":"https:\/\/digx.ch\/en\/wp-json\/wp\/v2\/media?parent=173"}],"curies":[{"name":"wp","href":"https:\/\/api.w.org\/{rel}","templated":true}]}}